{"id":26280,"date":"2013-04-15T10:17:02","date_gmt":"2013-04-15T08:17:02","guid":{"rendered":"http:\/\/www.puentelareina-gares.es\/012-2\/"},"modified":"2013-04-15T10:17:02","modified_gmt":"2013-04-15T08:17:02","slug":"012-2","status":"publish","type":"page","link":"https:\/\/www.puentelareina-gares.es\/eu\/26268-2\/012-2\/","title":{"rendered":"012"},"content":{"rendered":"<p><img decoding=\"async\" class=\"alignright\" title=\"012\" src=\"\/wp-content\/uploads\/imgs\/012_eu.gif\" alt=\"012\" \/>Web orri honetan eskeinitako informazioaz gain, Gareseko Udaletxeak 012 telefono zerbitzua eskeintzen du herritarrrei<\/p>\n<p><strong style=\"display: block; width: 100%;\"><a style=\"background: #369; color: #9cf; padding: 4px 12px; border: 2px solid #69c; border-radius: 6px; text-align: center;\" title=\"012 Kontsultak\" href=\"\/eu\/149-2\/012-2\/consultas-012\/\">012 Kontsultak<\/a><\/strong><\/p>\n<p>&nbsp;<\/p>\n<h3>Ze zerbitzu eskeintzen ditu 012 telefono zerbitzuak?<\/h3>\n<ul>\n<li><strong>KUDEAKETA<\/strong><strong>: <\/strong>Katastro eta errolda ziurtagiriak eskatu daitezke; beste ziurtagiri motak (ondasunak, zergen ordainketa egunean edukitzea\u2026..); ordainagirien kopiak; inprimakien eskaera; instantziak; ordainagirien ordainketa; ordainketen helbideratzea.<\/li>\n<li><strong>IZEN EMATEA ETA HITZORDUAK: <\/strong>Udaletxeak eskeintzen dituen iharduera eta ikastaroetan izen eman daiteke. Sarrerak erosi. Distribuzio zerrendetan harpidetu. Udaleko zerbitzu eta teknikariekin hitzordua zehaztu.<\/li>\n<li><strong>INFORMAZIOA:<\/strong> Herriko eta 012an sartuta dauden herri guztien udal informazioa eskeintzen dizu: instalazioak, zerbitzuak, kultur eta kirol agenda, tramiteak nola egin, ordenantzak, zergak, ikastaroen eskaintzak eta diru-laguntzak, deialdiak eta lehiaketa publikoak, interesezko abisuak, etb.<\/li>\n<li><strong>ABISU, KEXA ETA IRADOKIZUNAK: <\/strong>Zerbitzuei edo udaleko jarduerei buruzko kexak aurkeztu daitezke, iradokizunak egin edo abisu bat eman (hiri-altzariak, argiztapenak\u2026\u2026)<\/li>\n<\/ul>\n<p>Oinarrizko hornidura enpresen izapideak (telefonoa, gasa, elektrizitatea eta ura), udalekoak ez diren informazioa ere eskaintzen dizu. Izapideak Nafar Gobernuarekin, osasun zerbitzu eta zentruak, hezkuntza, garraioa eta aisia, elkarteak, etb.<\/p>\n<h3>Nola jarri daiteke harremanetan 012 Zerbitzu telefonikoarekin?<\/h3>\n<ul>\n<li>Nafarroan, hiru zenbaki markatuz, 0,1eta 2. Nafarrotik kanpo deitzeko, 948 217 012 zenbakia markatu.<\/li>\n<li>Ordutegia, astelehenetik ostiralera 8:00etatik 19:00etara.<\/li>\n<li>Gurekin harremanetan jarri zaitezke baita <a href=\"mailto:012@infolocal.org\">012@infolocal.org<\/a> \u2013 ren bidez.<\/li>\n<\/ul>\n<h3>Proiektuaren helburua herritarrak udaltxearekin harremena erraztea da, eskura dauden teknologia eta telematikaren bidez:<\/h3>\n<ul>\n<li><strong>012 telefono <\/strong><strong>bidez<\/strong>.<\/li>\n<li><strong>Telematiko <\/strong><strong>bidez<\/strong>, Web, e-mail, informazio kioskoa, teletestu, etb.<\/li>\n<li><strong>Udaltxetako herritarra hartzeko bulegoetara joanez.<\/strong><\/li>\n<\/ul>\n<p>&nbsp;<\/p>\n<p>INFOLOCAL Proiektuaren barruan dauden <strong>Udaletxeak<\/strong>, <strong>mankomunitateak<\/strong> eta <strong>Nafar gobernuko unitateak<\/strong> hauek dira:<\/p>\n<h4>Entitate Lokalak:<\/h4>\n<p><strong>Abaurregaina \/ Abaurrea Alta;Abaurrepea \/ Abaurrea Baja; Altsasu \/ Alsasua;Anso\u00e1in; Anue; Aoiz &lt;&gt; Agoitz; Aranguren <\/strong>(Labiano, Zolina, Tajonar, Aranguren, Mutilva Alta y Mutilva Baja);<strong>Arano; Areso; Atez <\/strong>(Arostegi, Beras\u00e1in, Beunza, Ciganda, Eguaras, Erice (Atez)); <strong>Au\u00f1amendi, Manc. SS. <\/strong>(Abaurrea Alta \/ Abaurregaina, Abaurrea Baja \/ Abaurrepea, Aria, Aribe, Burguete \/ Auritz, Erro, Garaioa, Garralda, Orbara, Orbaitzeta, Roncesvalles \/ Orreaga, Valcarlos \/ Luzaide, Villanueva de Aezkoa \/ Hiriberri); <strong>Bara\u00f1\u00e1in;<\/strong><\/p>\n<p><strong>Bazt\u00e1n <\/strong>(Almandoz, Amaiur-Maya, Aniz, Arizkun, Arraioz, Azpilikueta, Berroeta, Elbete, Elizondo, Erratzu, Gartzain, Irurita, Lekaroz, Oronoz-Mugairi, Ziga); <strong>Bera; Beri\u00e1in; Berrioplano<\/strong> (A\u00f1ezcar, Artica, Oteiza de Berrioplano, Berrioplano, Larragueta, Berriosuso, Elcarte, Loza, Aizo\u00e1in, Ballariain); <strong>Berriozar; Bidaurreta; Burlada &lt;&gt; Burlata; Cadreita; Caparroso; C\u00e1seda; Cendea de Cizur<\/strong> (Undiano, Muru &#8211; Astr\u00e1in, Zariquiegui, Astr\u00e1in, Larraya, Patern\u00e1in, Cizur Menor, Gazolaz); <strong>Ciriza; Corella; Echarri; Eg\u00fc\u00e9s<\/strong> (Olaz, Ibiricu (Eg\u00fc\u00e9s), Alzuza, Ardanaz (Eg\u00fc\u00e9s), Azpa, Badost\u00e1in, Sagaseta, Elcano, Eg\u00fc\u00e9s, El\u00eda, Sarriguren); <strong>Esteribar <\/strong>(Agorreta, Ilurdotz, Antxoritz, Leranotz, Iragi, Irota, Eugi, Larrasoa\u00f1a, Inbuluzketa, Saigos, Olloki, Urtasun, Zuri\u00e1in, Urdanitz-Urdanitz, Zabaldika, Zubiri, Saras\u00edbar.); <strong>Etxauri; Ezcabarte <\/strong>(Sorauren, Oricain, Cildoz, Eusa, Orrio, Maquirriain (Ezcabarte), Azoz, Arre); <strong>Ezcaroz &lt;&gt; Ezkaroze; Fitero; Fontellas; Goizueta; Guesalaz; Huarte &lt;&gt; Uharte; Isaba; Iza <\/strong>(Aguinaga, Gulina, Erice (Iza), Sarasa, Aldaba, Atondo, Sarasate, Iza, Lete, Larumbe, Cia, Ariz, Ochovi y la Urbanizaci\u00f3n Zuasti); <strong>Izaga, Manc. <\/strong>(Urroz, Izagaondoa (Ardanaz de Izagaondoa), Lizo\u00e1in, Unciti (Alz\u00f3rriz, Art\u00e1iz, Cembor\u00e1in, Najurieta, Unciti, Zabalceta), Ibargoiti (Ab\u00ednzano, Idocin, Izko, Salinas de Ibargoiti), Monreal); <strong>Jaurrieta; Larr\u00e1un <\/strong>(Etxarri, Albiasu, Aldatz, Errazkin, Bar\u00e1ibar, Alli, Uitzi, Arruitz, Astita, Azpirotz, Madotz, Mugiro, Gorriti, Iribas, Od\u00e9ritz); <strong>Leitza; Ler\u00edn; Lodosa; Los Arcos; Lumbier; Luzaide \/ Valcarlos; Milagro; No\u00e1in (Valle de Elorz) &lt;&gt; Noain (Elorztzibar) <\/strong>(Im\u00e1rcoain, No\u00e1in, Zabalegui, Torres (Elorz), Y\u00e1rnoz, Guerendi\u00e1in (Elorz), Elorz, Zulueta); <strong>Ochagav\u00eda &lt;&gt; Otsagabia; Olazti \/ Olazagutia; Olite; Oronz &lt;&gt; Orontze; Puente la Reina &lt;&gt; Gares; Salazar, Junta del V. de <\/strong>(s\u00f3lo para los Aytos. De Ezcaroz, Jaurrieta, Ochagav\u00eda y Oronz); <strong>Salinas de Oro; Sansol; Tafalla; <\/strong><strong>Ultzama <\/strong>(Alkotz, Arraitz &#8211; Orkin, Auza, Eltso, Eltzaburu, Gorrontz &#8211; Olano, Guerendi\u00e1in de Ultzama, Ilarregui, Iraizotz, Larraintzar, Lizaso, Suarbe, Urritzola &#8211; Galain, Zenotz); <strong>Uztarroz; Valdizarbe, Manc. <\/strong>(Adi\u00f3s, En\u00e9riz, Legarda, Muruz\u00e1bal, Tirapu, Ucar, Uterga, Obanos); <strong>Valtierra; Viana; Villafranca; Villava; Yerri &lt;&gt; Deierri; Zizur Mayor<\/strong> <strong>&lt;&gt; Zizur Nagusia<\/strong><\/p>\n<h4>Nafar Gobernuko entitateak<\/h4>\n<p>Nafarroako enplegu zerbitzua (NEZ): D.G. Ingurumen eta ura, NASU VINSA (Etxebizitza eta solairuak, Nafarroa)[:]<!--more--><\/p>\n","protected":false},"excerpt":{"rendered":"<p>Web orri honetan eskeinitako informazioaz gain, Gareseko Udaletxeak 012 telefono zerbitzua eskeintzen du herritarrrei 012 Kontsultak &nbsp; Ze zerbitzu eskeintzen ditu 012 telefono zerbitzuak? KUDEAKETA: Katastro eta errolda ziurtagiriak eskatu daitezke; beste ziurtagiri motak (ondasunak, zergen ordainketa egunean edukitzea\u2026..); ordainagirien kopiak; inprimakien eskaera; instantziak; ordainagirien ordainketa; ordainketen helbideratzea. IZEN EMATEA ETA HITZORDUAK: Udaletxeak eskeintzen dituen [&hellip;]<\/p>\n","protected":false},"author":1,"featured_media":0,"parent":26268,"menu_order":21,"comment_status":"closed","ping_status":"closed","template":"","meta":{"_exactmetrics_skip_tracking":false,"_exactmetrics_sitenote_active":false,"_exactmetrics_sitenote_note":"","_exactmetrics_sitenote_category":0,"footnotes":""},"class_list":["post-26280","page","type-page","status-publish","hentry"],"yoast_head":"<!-- This site is optimized with the Yoast SEO plugin v25.1 - https:\/\/yoast.com\/wordpress\/plugins\/seo\/ -->\r\n<title>012 - Ayuntamiento de Puente la Reina - Garesko Udala<\/title>\r\n<meta name=\"robots\" content=\"index, follow, max-snippet:-1, max-image-preview:large, max-video-preview:-1\" \/>\r\n<link rel=\"canonical\" href=\"https:\/\/www.puentelareina-gares.es\/eu\/26268-2\/012-2\/\" \/>\r\n<meta property=\"og:locale\" content=\"eu_ES\" \/>\r\n<meta property=\"og:type\" content=\"article\" \/>\r\n<meta property=\"og:title\" content=\"012 - Ayuntamiento de Puente la Reina - Garesko Udala\" \/>\r\n<meta property=\"og:description\" content=\"Web orri honetan eskeinitako informazioaz gain, Gareseko Udaletxeak 012 telefono zerbitzua eskeintzen du herritarrrei 012 Kontsultak &nbsp; Ze zerbitzu eskeintzen ditu 012 telefono zerbitzuak? KUDEAKETA: Katastro eta errolda ziurtagiriak eskatu daitezke; beste ziurtagiri motak (ondasunak, zergen ordainketa egunean edukitzea\u2026..); ordainagirien kopiak; inprimakien eskaera; instantziak; ordainagirien ordainketa; ordainketen helbideratzea. IZEN EMATEA ETA HITZORDUAK: Udaletxeak eskeintzen dituen [&hellip;]\" \/>\r\n<meta property=\"og:url\" content=\"https:\/\/www.puentelareina-gares.es\/eu\/26268-2\/012-2\/\" \/>\r\n<meta property=\"og:site_name\" content=\"Ayuntamiento de Puente la Reina - Garesko Udala\" \/>\r\n<meta name=\"twitter:card\" content=\"summary_large_image\" \/>\r\n<meta name=\"twitter:label1\" content=\"Est. reading time\" \/>\n\t<meta name=\"twitter:data1\" content=\"3 minutes\" \/>\r\n<script type=\"application\/ld+json\" class=\"yoast-schema-graph\">{\"@context\":\"https:\/\/schema.org\",\"@graph\":[{\"@type\":\"WebPage\",\"@id\":\"https:\/\/www.puentelareina-gares.es\/eu\/26268-2\/012-2\/\",\"url\":\"https:\/\/www.puentelareina-gares.es\/eu\/26268-2\/012-2\/\",\"name\":\"012 - Ayuntamiento de Puente la Reina - Garesko Udala\",\"isPartOf\":{\"@id\":\"https:\/\/www.puentelareina-gares.es\/#website\"},\"datePublished\":\"2013-04-15T08:17:02+00:00\",\"breadcrumb\":{\"@id\":\"https:\/\/www.puentelareina-gares.es\/eu\/26268-2\/012-2\/#breadcrumb\"},\"inLanguage\":\"eu-ES\",\"potentialAction\":[{\"@type\":\"ReadAction\",\"target\":[\"https:\/\/www.puentelareina-gares.es\/eu\/26268-2\/012-2\/\"]}]},{\"@type\":\"BreadcrumbList\",\"@id\":\"https:\/\/www.puentelareina-gares.es\/eu\/26268-2\/012-2\/#breadcrumb\",\"itemListElement\":[{\"@type\":\"ListItem\",\"position\":1,\"name\":\"Portada\",\"item\":\"https:\/\/www.puentelareina-gares.es\/\"},{\"@type\":\"ListItem\",\"position\":2,\"name\":\"012\"}]},{\"@type\":\"WebSite\",\"@id\":\"https:\/\/www.puentelareina-gares.es\/#website\",\"url\":\"https:\/\/www.puentelareina-gares.es\/\",\"name\":\"Ayuntamiento de Puente la Reina - Garesko Udala\",\"description\":\"Otro sitio realizado con WordPress\",\"potentialAction\":[{\"@type\":\"SearchAction\",\"target\":{\"@type\":\"EntryPoint\",\"urlTemplate\":\"https:\/\/www.puentelareina-gares.es\/?s={search_term_string}\"},\"query-input\":{\"@type\":\"PropertyValueSpecification\",\"valueRequired\":true,\"valueName\":\"search_term_string\"}}],\"inLanguage\":\"eu-ES\"}]}<\/script>\r\n<!-- \/ Yoast SEO plugin. -->","yoast_head_json":{"title":"012 - Ayuntamiento de Puente la Reina - Garesko Udala","robots":{"index":"index","follow":"follow","max-snippet":"max-snippet:-1","max-image-preview":"max-image-preview:large","max-video-preview":"max-video-preview:-1"},"canonical":"https:\/\/www.puentelareina-gares.es\/eu\/26268-2\/012-2\/","og_locale":"eu_ES","og_type":"article","og_title":"012 - Ayuntamiento de Puente la Reina - Garesko Udala","og_description":"Web orri honetan eskeinitako informazioaz gain, Gareseko Udaletxeak 012 telefono zerbitzua eskeintzen du herritarrrei 012 Kontsultak &nbsp; Ze zerbitzu eskeintzen ditu 012 telefono zerbitzuak? KUDEAKETA: Katastro eta errolda ziurtagiriak eskatu daitezke; beste ziurtagiri motak (ondasunak, zergen ordainketa egunean edukitzea\u2026..); ordainagirien kopiak; inprimakien eskaera; instantziak; ordainagirien ordainketa; ordainketen helbideratzea. IZEN EMATEA ETA HITZORDUAK: Udaletxeak eskeintzen dituen [&hellip;]","og_url":"https:\/\/www.puentelareina-gares.es\/eu\/26268-2\/012-2\/","og_site_name":"Ayuntamiento de Puente la Reina - Garesko Udala","twitter_card":"summary_large_image","twitter_misc":{"Est. reading time":"3 minutes"},"schema":{"@context":"https:\/\/schema.org","@graph":[{"@type":"WebPage","@id":"https:\/\/www.puentelareina-gares.es\/eu\/26268-2\/012-2\/","url":"https:\/\/www.puentelareina-gares.es\/eu\/26268-2\/012-2\/","name":"012 - Ayuntamiento de Puente la Reina - Garesko Udala","isPartOf":{"@id":"https:\/\/www.puentelareina-gares.es\/#website"},"datePublished":"2013-04-15T08:17:02+00:00","breadcrumb":{"@id":"https:\/\/www.puentelareina-gares.es\/eu\/26268-2\/012-2\/#breadcrumb"},"inLanguage":"eu-ES","potentialAction":[{"@type":"ReadAction","target":["https:\/\/www.puentelareina-gares.es\/eu\/26268-2\/012-2\/"]}]},{"@type":"BreadcrumbList","@id":"https:\/\/www.puentelareina-gares.es\/eu\/26268-2\/012-2\/#breadcrumb","itemListElement":[{"@type":"ListItem","position":1,"name":"Portada","item":"https:\/\/www.puentelareina-gares.es\/"},{"@type":"ListItem","position":2,"name":"012"}]},{"@type":"WebSite","@id":"https:\/\/www.puentelareina-gares.es\/#website","url":"https:\/\/www.puentelareina-gares.es\/","name":"Ayuntamiento de Puente la Reina - Garesko Udala","description":"Otro sitio realizado con WordPress","potentialAction":[{"@type":"SearchAction","target":{"@type":"EntryPoint","urlTemplate":"https:\/\/www.puentelareina-gares.es\/?s={search_term_string}"},"query-input":{"@type":"PropertyValueSpecification","valueRequired":true,"valueName":"search_term_string"}}],"inLanguage":"eu-ES"}]}},"_links":{"self":[{"href":"https:\/\/www.puentelareina-gares.es\/eu\/wp-json\/wp\/v2\/pages\/26280","targetHints":{"allow":["GET"]}}],"collection":[{"href":"https:\/\/www.puentelareina-gares.es\/eu\/wp-json\/wp\/v2\/pages"}],"about":[{"href":"https:\/\/www.puentelareina-gares.es\/eu\/wp-json\/wp\/v2\/types\/page"}],"author":[{"embeddable":true,"href":"https:\/\/www.puentelareina-gares.es\/eu\/wp-json\/wp\/v2\/users\/1"}],"replies":[{"embeddable":true,"href":"https:\/\/www.puentelareina-gares.es\/eu\/wp-json\/wp\/v2\/comments?post=26280"}],"version-history":[{"count":0,"href":"https:\/\/www.puentelareina-gares.es\/eu\/wp-json\/wp\/v2\/pages\/26280\/revisions"}],"up":[{"embeddable":true,"href":"https:\/\/www.puentelareina-gares.es\/eu\/wp-json\/wp\/v2\/pages\/26268"}],"wp:attachment":[{"href":"https:\/\/www.puentelareina-gares.es\/eu\/wp-json\/wp\/v2\/media?parent=26280"}],"curies":[{"name":"wp","href":"https:\/\/api.w.org\/{rel}","templated":true}]}}