{"id":26293,"date":"2013-05-29T11:40:01","date_gmt":"2013-05-29T09:40:01","guid":{"rendered":"http:\/\/www.puentelareina-gares.es\/arkeologia-hirigintza-eta-historia\/"},"modified":"2013-05-29T11:40:01","modified_gmt":"2013-05-29T09:40:01","slug":"arkeologia-hirigintza-eta-historia","status":"publish","type":"page","link":"https:\/\/www.puentelareina-gares.es\/eu\/lekua-eta-jendea\/historia\/arkeologia-hirigintza-eta-historia\/","title":{"rendered":"Arkeologia, Hirigintza eta Historia"},"content":{"rendered":"<table>\n<tbody>\n<tr>\n<td><a href=\"http:\/\/www.puentelareina-gares.es\/wp-content\/uploads\/2013\/05\/construcci\u00f3n-del-regad\u00edo-erregadioaren-eraikuntza.pdf\" class=\"mtli_attachment mtli_pdf\">Construcci\u00f3n del regad\u00edo<\/a><\/td>\n<td><a href=\"http:\/\/www.puentelareina-gares.es\/wp-content\/uploads\/2013\/05\/De-puente-al-fuero-Zubitik-forura.pdf\" class=\"mtli_attachment mtli_pdf\">De Puente al fuero<\/a><\/td>\n<td><a href=\"http:\/\/www.puentelareina-gares.es\/wp-content\/uploads\/2013\/05\/El-mausoleo-de-Juan-de-Beaumont-Juan-de-Beaumounten-mausoleoa.pdf\" class=\"mtli_attachment mtli_pdf\">El mausoleo de Juan de Beaumont<\/a><\/td>\n<\/tr>\n<tr>\n<td><a href=\"http:\/\/www.puentelareina-gares.es\/wp-content\/uploads\/2013\/05\/el-molino-de-Valmaseda-Valmasedako-errota.pdf\" class=\"mtli_attachment mtli_pdf\">El molino de Valmaseda<\/a><\/td>\n<td><a href=\"http:\/\/www.puentelareina-gares.es\/wp-content\/uploads\/2013\/05\/IntervencionArqueologicaEnElPuenteRomanico-Zubi-erromanikoan-interbentzio-arkeologikoa1.pdf\" class=\"mtli_attachment mtli_pdf\">Intervenci\u00f3n arqueol\u00f3gica en el puente rom\u00e1nico<\/a><\/td>\n<td><a href=\"http:\/\/www.puentelareina-gares.es\/wp-content\/uploads\/2013\/05\/LaJuderiaDePuenteLaReina-Garesko-judutegia-1.pdf\" class=\"mtli_attachment mtli_pdf\">La Juder\u00eda de Puente la Reina\/Gares<\/a><\/td>\n<\/tr>\n<tr>\n<td><a href=\"http:\/\/www.puentelareina-gares.es\/wp-content\/uploads\/2013\/05\/OrdenanzasMunicipalesDePuenteLaReina-Garesko-Udal-ordenantzak.pdf\" class=\"mtli_attachment mtli_pdf\">Ordenanzas Municipales de Puente la Reina\/Gares<\/a><\/td>\n<td><a href=\"http:\/\/www.puentelareina-gares.es\/wp-content\/uploads\/2013\/05\/Urbanismo-y-sistema-defensivo-medieval-Urbanismoa-eta-erdi-aroko-defentsa-sistema.pdf\" class=\"mtli_attachment mtli_pdf\">Urbanismo y sistema defensivo medieval<\/a><\/td>\n<td><a href=\"http:\/\/dialnet.unirioja.es\/servlet\/articulo?codigo=5111134\">Iglesias y parroquias<\/a><\/td>\n<\/tr>\n<tr>\n<td><a href=\"http:\/\/dialnet.unirioja.es\/servlet\/articulo?codigo=5111093\">El puente de la Reina<\/a><\/td>\n<td>\u00a0<a href=\"http:\/\/www.euskeraenvaldizarbe.blogspot.com.es\/\">El euskera en Valdizarbe<\/a><\/td>\n<td><\/td>\n<\/tr>\n<\/tbody>\n<\/table>\n<div style=\"font-family: verdana, helvetica, sans-serif;font-size: small\">\n<p><!--StartFragment--><\/p>\n<div><\/div>\n<div><strong>Ezkontzak 1592-1905<\/strong><\/div>\n<div><a title=\"blocked::http:\/\/www.antzinako.org\/\" href=\"http:\/\/www.antzinako.org\/\" target=\"_blank\" rel=\"nofollow noopener\">http:\/\/www.antzinako.org\/<\/a><\/div>\n<div><\/div>\n<div><strong>Garesko argiztapen berria<\/strong><\/div>\n<div><a href=\"https:\/\/dialnet.unirioja.es\/servlet\/articulo?codigo=3711233\">https:\/\/dialnet.unirioja.es\/servlet\/articulo?codigo=3711233<\/a><\/div>\n<div><\/div>\n<p><!--EndFragment--><\/p>\n<\/div>\n<p>&#8220;<strong>El euskera en Valdizarbe. Testimonios orales y escritos<\/strong>&#8221; (1993)<\/p>\n","protected":false},"excerpt":{"rendered":"<p>Construcci\u00f3n del regad\u00edo De Puente al fuero El mausoleo de Juan de Beaumont El molino de Valmaseda Intervenci\u00f3n arqueol\u00f3gica en el puente rom\u00e1nico La Juder\u00eda de Puente la Reina\/Gares Ordenanzas Municipales de Puente la Reina\/Gares Urbanismo y sistema defensivo medieval Iglesias y parroquias El puente de la Reina \u00a0El euskera en Valdizarbe Ezkontzak 1592-1905 http:\/\/www.antzinako.org\/ [&hellip;]<\/p>\n","protected":false},"author":198,"featured_media":0,"parent":26209,"menu_order":2,"comment_status":"closed","ping_status":"closed","template":"","meta":{"_exactmetrics_skip_tracking":false,"_exactmetrics_sitenote_active":false,"_exactmetrics_sitenote_note":"","_exactmetrics_sitenote_category":0,"footnotes":""},"class_list":["post-26293","page","type-page","status-publish","hentry"],"yoast_head":"<!-- This site is optimized with the Yoast SEO plugin v25.1 - https:\/\/yoast.com\/wordpress\/plugins\/seo\/ -->\r\n<title>Arkeologia, Hirigintza eta Historia - Ayuntamiento de Puente la Reina - Garesko Udala<\/title>\r\n<meta name=\"robots\" content=\"index, follow, max-snippet:-1, max-image-preview:large, max-video-preview:-1\" \/>\r\n<link rel=\"canonical\" href=\"https:\/\/www.puentelareina-gares.es\/eu\/lekua-eta-jendea\/historia\/arkeologia-hirigintza-eta-historia\/\" \/>\r\n<meta property=\"og:locale\" content=\"eu_ES\" \/>\r\n<meta property=\"og:type\" content=\"article\" \/>\r\n<meta property=\"og:title\" content=\"Arkeologia, Hirigintza eta Historia - Ayuntamiento de Puente la Reina - Garesko Udala\" \/>\r\n<meta property=\"og:description\" content=\"Construcci\u00f3n del regad\u00edo De Puente al fuero El mausoleo de Juan de Beaumont El molino de Valmaseda Intervenci\u00f3n arqueol\u00f3gica en el puente rom\u00e1nico La Juder\u00eda de Puente la Reina\/Gares Ordenanzas Municipales de Puente la Reina\/Gares Urbanismo y sistema defensivo medieval Iglesias y parroquias El puente de la Reina \u00a0El euskera en Valdizarbe Ezkontzak 1592-1905 http:\/\/www.antzinako.org\/ [&hellip;]\" \/>\r\n<meta property=\"og:url\" content=\"https:\/\/www.puentelareina-gares.es\/eu\/lekua-eta-jendea\/historia\/arkeologia-hirigintza-eta-historia\/\" \/>\r\n<meta property=\"og:site_name\" content=\"Ayuntamiento de Puente la Reina - Garesko Udala\" \/>\r\n<meta name=\"twitter:card\" content=\"summary_large_image\" \/>\r\n<script type=\"application\/ld+json\" class=\"yoast-schema-graph\">{\"@context\":\"https:\/\/schema.org\",\"@graph\":[{\"@type\":\"WebPage\",\"@id\":\"https:\/\/www.puentelareina-gares.es\/eu\/lekua-eta-jendea\/historia\/arkeologia-hirigintza-eta-historia\/\",\"url\":\"https:\/\/www.puentelareina-gares.es\/eu\/lekua-eta-jendea\/historia\/arkeologia-hirigintza-eta-historia\/\",\"name\":\"Arkeologia, Hirigintza eta Historia - Ayuntamiento de Puente la Reina - Garesko Udala\",\"isPartOf\":{\"@id\":\"https:\/\/www.puentelareina-gares.es\/#website\"},\"datePublished\":\"2013-05-29T09:40:01+00:00\",\"breadcrumb\":{\"@id\":\"https:\/\/www.puentelareina-gares.es\/eu\/lekua-eta-jendea\/historia\/arkeologia-hirigintza-eta-historia\/#breadcrumb\"},\"inLanguage\":\"eu-ES\",\"potentialAction\":[{\"@type\":\"ReadAction\",\"target\":[\"https:\/\/www.puentelareina-gares.es\/eu\/lekua-eta-jendea\/historia\/arkeologia-hirigintza-eta-historia\/\"]}]},{\"@type\":\"BreadcrumbList\",\"@id\":\"https:\/\/www.puentelareina-gares.es\/eu\/lekua-eta-jendea\/historia\/arkeologia-hirigintza-eta-historia\/#breadcrumb\",\"itemListElement\":[{\"@type\":\"ListItem\",\"position\":1,\"name\":\"Portada\",\"item\":\"https:\/\/www.puentelareina-gares.es\/\"},{\"@type\":\"ListItem\",\"position\":2,\"name\":\"Lekua eta Jendea\",\"item\":\"https:\/\/www.puentelareina-gares.es\/eu\/lekua-eta-jendea\/\"},{\"@type\":\"ListItem\",\"position\":3,\"name\":\"Historia\",\"item\":\"https:\/\/www.puentelareina-gares.es\/eu\/lekua-eta-jendea\/historia\/\"},{\"@type\":\"ListItem\",\"position\":4,\"name\":\"Arkeologia, Hirigintza eta Historia\"}]},{\"@type\":\"WebSite\",\"@id\":\"https:\/\/www.puentelareina-gares.es\/#website\",\"url\":\"https:\/\/www.puentelareina-gares.es\/\",\"name\":\"Ayuntamiento de Puente la Reina - Garesko Udala\",\"description\":\"Otro sitio realizado con WordPress\",\"potentialAction\":[{\"@type\":\"SearchAction\",\"target\":{\"@type\":\"EntryPoint\",\"urlTemplate\":\"https:\/\/www.puentelareina-gares.es\/?s={search_term_string}\"},\"query-input\":{\"@type\":\"PropertyValueSpecification\",\"valueRequired\":true,\"valueName\":\"search_term_string\"}}],\"inLanguage\":\"eu-ES\"}]}<\/script>\r\n<!-- \/ Yoast SEO plugin. -->","yoast_head_json":{"title":"Arkeologia, Hirigintza eta Historia - Ayuntamiento de Puente la Reina - Garesko Udala","robots":{"index":"index","follow":"follow","max-snippet":"max-snippet:-1","max-image-preview":"max-image-preview:large","max-video-preview":"max-video-preview:-1"},"canonical":"https:\/\/www.puentelareina-gares.es\/eu\/lekua-eta-jendea\/historia\/arkeologia-hirigintza-eta-historia\/","og_locale":"eu_ES","og_type":"article","og_title":"Arkeologia, Hirigintza eta Historia - Ayuntamiento de Puente la Reina - Garesko Udala","og_description":"Construcci\u00f3n del regad\u00edo De Puente al fuero El mausoleo de Juan de Beaumont El molino de Valmaseda Intervenci\u00f3n arqueol\u00f3gica en el puente rom\u00e1nico La Juder\u00eda de Puente la Reina\/Gares Ordenanzas Municipales de Puente la Reina\/Gares Urbanismo y sistema defensivo medieval Iglesias y parroquias El puente de la Reina \u00a0El euskera en Valdizarbe Ezkontzak 1592-1905 http:\/\/www.antzinako.org\/ [&hellip;]","og_url":"https:\/\/www.puentelareina-gares.es\/eu\/lekua-eta-jendea\/historia\/arkeologia-hirigintza-eta-historia\/","og_site_name":"Ayuntamiento de Puente la Reina - Garesko Udala","twitter_card":"summary_large_image","schema":{"@context":"https:\/\/schema.org","@graph":[{"@type":"WebPage","@id":"https:\/\/www.puentelareina-gares.es\/eu\/lekua-eta-jendea\/historia\/arkeologia-hirigintza-eta-historia\/","url":"https:\/\/www.puentelareina-gares.es\/eu\/lekua-eta-jendea\/historia\/arkeologia-hirigintza-eta-historia\/","name":"Arkeologia, Hirigintza eta Historia - Ayuntamiento de Puente la Reina - Garesko Udala","isPartOf":{"@id":"https:\/\/www.puentelareina-gares.es\/#website"},"datePublished":"2013-05-29T09:40:01+00:00","breadcrumb":{"@id":"https:\/\/www.puentelareina-gares.es\/eu\/lekua-eta-jendea\/historia\/arkeologia-hirigintza-eta-historia\/#breadcrumb"},"inLanguage":"eu-ES","potentialAction":[{"@type":"ReadAction","target":["https:\/\/www.puentelareina-gares.es\/eu\/lekua-eta-jendea\/historia\/arkeologia-hirigintza-eta-historia\/"]}]},{"@type":"BreadcrumbList","@id":"https:\/\/www.puentelareina-gares.es\/eu\/lekua-eta-jendea\/historia\/arkeologia-hirigintza-eta-historia\/#breadcrumb","itemListElement":[{"@type":"ListItem","position":1,"name":"Portada","item":"https:\/\/www.puentelareina-gares.es\/"},{"@type":"ListItem","position":2,"name":"Lekua eta Jendea","item":"https:\/\/www.puentelareina-gares.es\/eu\/lekua-eta-jendea\/"},{"@type":"ListItem","position":3,"name":"Historia","item":"https:\/\/www.puentelareina-gares.es\/eu\/lekua-eta-jendea\/historia\/"},{"@type":"ListItem","position":4,"name":"Arkeologia, Hirigintza eta Historia"}]},{"@type":"WebSite","@id":"https:\/\/www.puentelareina-gares.es\/#website","url":"https:\/\/www.puentelareina-gares.es\/","name":"Ayuntamiento de Puente la Reina - Garesko Udala","description":"Otro sitio realizado con WordPress","potentialAction":[{"@type":"SearchAction","target":{"@type":"EntryPoint","urlTemplate":"https:\/\/www.puentelareina-gares.es\/?s={search_term_string}"},"query-input":{"@type":"PropertyValueSpecification","valueRequired":true,"valueName":"search_term_string"}}],"inLanguage":"eu-ES"}]}},"_links":{"self":[{"href":"https:\/\/www.puentelareina-gares.es\/eu\/wp-json\/wp\/v2\/pages\/26293","targetHints":{"allow":["GET"]}}],"collection":[{"href":"https:\/\/www.puentelareina-gares.es\/eu\/wp-json\/wp\/v2\/pages"}],"about":[{"href":"https:\/\/www.puentelareina-gares.es\/eu\/wp-json\/wp\/v2\/types\/page"}],"author":[{"embeddable":true,"href":"https:\/\/www.puentelareina-gares.es\/eu\/wp-json\/wp\/v2\/users\/198"}],"replies":[{"embeddable":true,"href":"https:\/\/www.puentelareina-gares.es\/eu\/wp-json\/wp\/v2\/comments?post=26293"}],"version-history":[{"count":0,"href":"https:\/\/www.puentelareina-gares.es\/eu\/wp-json\/wp\/v2\/pages\/26293\/revisions"}],"up":[{"embeddable":true,"href":"https:\/\/www.puentelareina-gares.es\/eu\/wp-json\/wp\/v2\/pages\/26209"}],"wp:attachment":[{"href":"https:\/\/www.puentelareina-gares.es\/eu\/wp-json\/wp\/v2\/media?parent=26293"}],"curies":[{"name":"wp","href":"https:\/\/api.w.org\/{rel}","templated":true}]}}