{"id":26978,"date":"2020-06-11T13:04:43","date_gmt":"2020-06-11T11:04:43","guid":{"rendered":"http:\/\/www.puentelareina-gares.es\/matricula-escuela-de-musica-curso-2020-2021\/"},"modified":"2020-06-11T13:04:43","modified_gmt":"2020-06-11T11:04:43","slug":"matricula-escuela-de-musica-curso-2020-2021","status":"publish","type":"page","link":"https:\/\/www.puentelareina-gares.es\/eu\/26268-2\/matricula-escuela-de-musica-curso-2020-2021\/","title":{"rendered":"Matr\u00edcula Escuela de M\u00fasica curso 2020\/2021"},"content":{"rendered":"<h3 style=\"text-align: center;\"><strong>MATRIKULAZIO-ALDIA AMAITU DA<\/strong><\/h3>\n<p><strong>Plazo de matriculaci\u00f3n\u00a0Septiembre: <\/strong>Del 1 al 10 de Septiembre de 2020.<\/p>\n<p><strong>Alumnado Nuevo:<\/strong><\/p>\n<p>La matr\u00edcula se<strong> formalizar\u00e1<\/strong> con la presentaci\u00f3n del justificante de pago de la matr\u00edcula y el compromiso del pago de las cuotas.<\/p>\n<p><strong>Renovaci\u00f3n Alumnado:<\/strong><\/p>\n<p>La matr\u00edcula se<strong> formalizar\u00e1<\/strong> con el compromiso del pago de las cuotas.<\/p>\n<p><strong>\u00bfQui\u00e9n debe realizar la matr\u00edcula?<\/strong><\/p>\n<p>Toda persona, de nueva matriculaci\u00f3n o que ya est\u00e9 matriculada, que desee matricularse en la Escuela de M\u00fasica para el curso 2020\/21.<\/p>\n<p>Tel\u00e9fono de <strong>atenci\u00f3n de dudas<\/strong> para hacer la matr\u00edcula: de lunes a viernes en horario de 08:00 a 15:00 horas en 948 34 00 07 o mediante comunicaci\u00f3n en el siguiente correo: <a href=\"mailto:administracion@puentelareina-gares.es\" target=\"_blank\" rel=\"noopener\">administracion@puentelareina-gares.es<\/a><\/p>\n<p><a href=\"http:\/\/www.puentelareina-gares.es\/wp-content\/uploads\/2020\/09\/Convocatoria-Matric-Septiembre-2020-21-definitiva.pdf\" class=\"mtli_attachment mtli_pdf\">CONVOCATORIA MATRICULAIC\u00d3N SEPTIEMBRE 2020-2021<\/a><\/p>\n<p><a href=\"http:\/\/www.puentelareina-gares.es\/wp-content\/uploads\/2020\/06\/TASAS-CURSO-2020-21.pdf\" class=\"mtli_attachment mtli_pdf\">TASAS CURSO 2020-21<\/a><\/p>\n<p>La impartici\u00f3n y la organizaci\u00f3n de las clases, tanto individuales como grupales, quedar\u00e1 a expensas de los criterios y directrices que puedan marcar las autoridades Sanitarias y el Departamento de Educaci\u00f3n. Tan pronto se conozcan esas directrices, se organizar\u00e1n clases y asignaturas, sin perjuicio de posibles cambios o causa de fuerza mayor, a posteriori.<\/p>\n<p>&nbsp;<\/p>\n","protected":false},"excerpt":{"rendered":"<p>MATRIKULAZIO-ALDIA AMAITU DA Plazo de matriculaci\u00f3n\u00a0Septiembre: Del 1 al 10 de Septiembre de 2020. Alumnado Nuevo: La matr\u00edcula se formalizar\u00e1 con la presentaci\u00f3n del justificante de pago de la matr\u00edcula y el compromiso del pago de las cuotas. Renovaci\u00f3n Alumnado: La matr\u00edcula se formalizar\u00e1 con el compromiso del pago de las cuotas. \u00bfQui\u00e9n debe realizar [&hellip;]<\/p>\n","protected":false},"author":10587,"featured_media":0,"parent":26268,"menu_order":0,"comment_status":"closed","ping_status":"closed","template":"","meta":{"_exactmetrics_skip_tracking":false,"_exactmetrics_sitenote_active":false,"_exactmetrics_sitenote_note":"","_exactmetrics_sitenote_category":0,"footnotes":""},"class_list":["post-26978","page","type-page","status-publish","hentry"],"yoast_head":"<!-- This site is optimized with the Yoast SEO plugin v25.1 - https:\/\/yoast.com\/wordpress\/plugins\/seo\/ -->\r\n<title>Matr\u00edcula Escuela de M\u00fasica curso 2020\/2021 - Ayuntamiento de Puente la Reina - Garesko Udala<\/title>\r\n<meta name=\"robots\" content=\"index, follow, max-snippet:-1, max-image-preview:large, max-video-preview:-1\" \/>\r\n<link rel=\"canonical\" href=\"https:\/\/www.puentelareina-gares.es\/eu\/26268-2\/matricula-escuela-de-musica-curso-2020-2021\/\" \/>\r\n<meta property=\"og:locale\" content=\"eu_ES\" \/>\r\n<meta property=\"og:type\" content=\"article\" \/>\r\n<meta property=\"og:title\" content=\"Matr\u00edcula Escuela de M\u00fasica curso 2020\/2021 - Ayuntamiento de Puente la Reina - Garesko Udala\" \/>\r\n<meta property=\"og:description\" content=\"MATRIKULAZIO-ALDIA AMAITU DA Plazo de matriculaci\u00f3n\u00a0Septiembre: Del 1 al 10 de Septiembre de 2020. Alumnado Nuevo: La matr\u00edcula se formalizar\u00e1 con la presentaci\u00f3n del justificante de pago de la matr\u00edcula y el compromiso del pago de las cuotas. Renovaci\u00f3n Alumnado: La matr\u00edcula se formalizar\u00e1 con el compromiso del pago de las cuotas. \u00bfQui\u00e9n debe realizar [&hellip;]\" \/>\r\n<meta property=\"og:url\" content=\"https:\/\/www.puentelareina-gares.es\/eu\/26268-2\/matricula-escuela-de-musica-curso-2020-2021\/\" \/>\r\n<meta property=\"og:site_name\" content=\"Ayuntamiento de Puente la Reina - Garesko Udala\" \/>\r\n<meta name=\"twitter:card\" content=\"summary_large_image\" \/>\r\n<meta name=\"twitter:label1\" content=\"Est. reading time\" \/>\n\t<meta name=\"twitter:data1\" content=\"1 minute\" \/>\r\n<script type=\"application\/ld+json\" class=\"yoast-schema-graph\">{\"@context\":\"https:\/\/schema.org\",\"@graph\":[{\"@type\":\"WebPage\",\"@id\":\"https:\/\/www.puentelareina-gares.es\/eu\/26268-2\/matricula-escuela-de-musica-curso-2020-2021\/\",\"url\":\"https:\/\/www.puentelareina-gares.es\/eu\/26268-2\/matricula-escuela-de-musica-curso-2020-2021\/\",\"name\":\"Matr\u00edcula Escuela de M\u00fasica curso 2020\/2021 - Ayuntamiento de Puente la Reina - Garesko Udala\",\"isPartOf\":{\"@id\":\"https:\/\/www.puentelareina-gares.es\/#website\"},\"datePublished\":\"2020-06-11T11:04:43+00:00\",\"breadcrumb\":{\"@id\":\"https:\/\/www.puentelareina-gares.es\/eu\/26268-2\/matricula-escuela-de-musica-curso-2020-2021\/#breadcrumb\"},\"inLanguage\":\"eu-ES\",\"potentialAction\":[{\"@type\":\"ReadAction\",\"target\":[\"https:\/\/www.puentelareina-gares.es\/eu\/26268-2\/matricula-escuela-de-musica-curso-2020-2021\/\"]}]},{\"@type\":\"BreadcrumbList\",\"@id\":\"https:\/\/www.puentelareina-gares.es\/eu\/26268-2\/matricula-escuela-de-musica-curso-2020-2021\/#breadcrumb\",\"itemListElement\":[{\"@type\":\"ListItem\",\"position\":1,\"name\":\"Portada\",\"item\":\"https:\/\/www.puentelareina-gares.es\/\"},{\"@type\":\"ListItem\",\"position\":2,\"name\":\"Matr\u00edcula Escuela de M\u00fasica curso 2020\/2021\"}]},{\"@type\":\"WebSite\",\"@id\":\"https:\/\/www.puentelareina-gares.es\/#website\",\"url\":\"https:\/\/www.puentelareina-gares.es\/\",\"name\":\"Ayuntamiento de Puente la Reina - Garesko Udala\",\"description\":\"Otro sitio realizado con WordPress\",\"potentialAction\":[{\"@type\":\"SearchAction\",\"target\":{\"@type\":\"EntryPoint\",\"urlTemplate\":\"https:\/\/www.puentelareina-gares.es\/?s={search_term_string}\"},\"query-input\":{\"@type\":\"PropertyValueSpecification\",\"valueRequired\":true,\"valueName\":\"search_term_string\"}}],\"inLanguage\":\"eu-ES\"}]}<\/script>\r\n<!-- \/ Yoast SEO plugin. -->","yoast_head_json":{"title":"Matr\u00edcula Escuela de M\u00fasica curso 2020\/2021 - Ayuntamiento de Puente la Reina - Garesko Udala","robots":{"index":"index","follow":"follow","max-snippet":"max-snippet:-1","max-image-preview":"max-image-preview:large","max-video-preview":"max-video-preview:-1"},"canonical":"https:\/\/www.puentelareina-gares.es\/eu\/26268-2\/matricula-escuela-de-musica-curso-2020-2021\/","og_locale":"eu_ES","og_type":"article","og_title":"Matr\u00edcula Escuela de M\u00fasica curso 2020\/2021 - Ayuntamiento de Puente la Reina - Garesko Udala","og_description":"MATRIKULAZIO-ALDIA AMAITU DA Plazo de matriculaci\u00f3n\u00a0Septiembre: Del 1 al 10 de Septiembre de 2020. Alumnado Nuevo: La matr\u00edcula se formalizar\u00e1 con la presentaci\u00f3n del justificante de pago de la matr\u00edcula y el compromiso del pago de las cuotas. Renovaci\u00f3n Alumnado: La matr\u00edcula se formalizar\u00e1 con el compromiso del pago de las cuotas. \u00bfQui\u00e9n debe realizar [&hellip;]","og_url":"https:\/\/www.puentelareina-gares.es\/eu\/26268-2\/matricula-escuela-de-musica-curso-2020-2021\/","og_site_name":"Ayuntamiento de Puente la Reina - Garesko Udala","twitter_card":"summary_large_image","twitter_misc":{"Est. reading time":"1 minute"},"schema":{"@context":"https:\/\/schema.org","@graph":[{"@type":"WebPage","@id":"https:\/\/www.puentelareina-gares.es\/eu\/26268-2\/matricula-escuela-de-musica-curso-2020-2021\/","url":"https:\/\/www.puentelareina-gares.es\/eu\/26268-2\/matricula-escuela-de-musica-curso-2020-2021\/","name":"Matr\u00edcula Escuela de M\u00fasica curso 2020\/2021 - Ayuntamiento de Puente la Reina - Garesko Udala","isPartOf":{"@id":"https:\/\/www.puentelareina-gares.es\/#website"},"datePublished":"2020-06-11T11:04:43+00:00","breadcrumb":{"@id":"https:\/\/www.puentelareina-gares.es\/eu\/26268-2\/matricula-escuela-de-musica-curso-2020-2021\/#breadcrumb"},"inLanguage":"eu-ES","potentialAction":[{"@type":"ReadAction","target":["https:\/\/www.puentelareina-gares.es\/eu\/26268-2\/matricula-escuela-de-musica-curso-2020-2021\/"]}]},{"@type":"BreadcrumbList","@id":"https:\/\/www.puentelareina-gares.es\/eu\/26268-2\/matricula-escuela-de-musica-curso-2020-2021\/#breadcrumb","itemListElement":[{"@type":"ListItem","position":1,"name":"Portada","item":"https:\/\/www.puentelareina-gares.es\/"},{"@type":"ListItem","position":2,"name":"Matr\u00edcula Escuela de M\u00fasica curso 2020\/2021"}]},{"@type":"WebSite","@id":"https:\/\/www.puentelareina-gares.es\/#website","url":"https:\/\/www.puentelareina-gares.es\/","name":"Ayuntamiento de Puente la Reina - Garesko Udala","description":"Otro sitio realizado con WordPress","potentialAction":[{"@type":"SearchAction","target":{"@type":"EntryPoint","urlTemplate":"https:\/\/www.puentelareina-gares.es\/?s={search_term_string}"},"query-input":{"@type":"PropertyValueSpecification","valueRequired":true,"valueName":"search_term_string"}}],"inLanguage":"eu-ES"}]}},"_links":{"self":[{"href":"https:\/\/www.puentelareina-gares.es\/eu\/wp-json\/wp\/v2\/pages\/26978","targetHints":{"allow":["GET"]}}],"collection":[{"href":"https:\/\/www.puentelareina-gares.es\/eu\/wp-json\/wp\/v2\/pages"}],"about":[{"href":"https:\/\/www.puentelareina-gares.es\/eu\/wp-json\/wp\/v2\/types\/page"}],"author":[{"embeddable":true,"href":"https:\/\/www.puentelareina-gares.es\/eu\/wp-json\/wp\/v2\/users\/10587"}],"replies":[{"embeddable":true,"href":"https:\/\/www.puentelareina-gares.es\/eu\/wp-json\/wp\/v2\/comments?post=26978"}],"version-history":[{"count":0,"href":"https:\/\/www.puentelareina-gares.es\/eu\/wp-json\/wp\/v2\/pages\/26978\/revisions"}],"up":[{"embeddable":true,"href":"https:\/\/www.puentelareina-gares.es\/eu\/wp-json\/wp\/v2\/pages\/26268"}],"wp:attachment":[{"href":"https:\/\/www.puentelareina-gares.es\/eu\/wp-json\/wp\/v2\/media?parent=26978"}],"curies":[{"name":"wp","href":"https:\/\/api.w.org\/{rel}","templated":true}]}}